{"id":2553,"date":"2022-02-26T15:09:06","date_gmt":"2022-02-26T15:09:06","guid":{"rendered":"https:\/\/labrequeroutier.com\/conferences\/a-venir\/henrietta-boggs\/"},"modified":"2022-03-16T01:06:01","modified_gmt":"2022-03-16T01:06:01","slug":"henrietta-boggs","status":"publish","type":"page","link":"https:\/\/labrequeroutier.com\/en\/conferences\/a-venir\/henrietta-boggs\/","title":{"rendered":"Henrietta Boggs"},"content":{"rendered":"<p><strong>Henrietta Boggs, n\u00e9e dans le sud am\u00e9ricain, pendant la pand\u00e9mie d\u2019influenza de 1918 (50 millions de morts) vient de d\u00e9c\u00e9der de la covid \u00e0 102 ans. Elle est un mod\u00e8le de libert\u00e9 de pens\u00e9e. Toute sa vie elle s\u2019oppose \u00e0 la s\u00e9gr\u00e9gation, \u00e0 la pauvret\u00e9, \u00e0 l\u2019exclusion qu\u2019elle observe \u00e0 travers l\u2019Am\u00e9rique du Sud et qu\u2019elle fait conna\u00eetre par ses \u00e9crits journalistiques. Elle \u00e9pouse Jose Figueres Ferrer. Apr\u00e8s quelques ann\u00e9es d\u2019exil et de guerre civile, il devient Pr\u00e9sident du Costa Rica. En tant que Premi\u00e8re Dame, elle joue un r\u00f4le d\u00e9cisif pour le droit de vote des femmes et des minorit\u00e9s. Elle s\u2019emploie, \u00e0 l\u2019exemple d\u2019Eleanor Roosevelt, \u00e0 consolider une d\u00e9mocratie naissante, par des mesures de soutien \u00e0 la population, inspir\u00e9es du New Deal de FDR. Elle revient aux E.U., travaille \u00e0 New York pour la Mission costaricaine aux Nations Unies et voyage en Europe. Elle se remarie avec un chirurgien de Montgomery et participe au mouvement des Droits civils. Elle apprend m\u00eame \u00e0 piloter un avion.<\/strong><\/p>\n<h5><span style=\"color: #000000;\">\u00a9 Alice Labr\u00e8que &amp; Jean Routier 2022<\/span><\/h5>\n","protected":false},"excerpt":{"rendered":"<p>Henrietta Boggs, n\u00e9e dans le sud am\u00e9ricain, pendant la pand\u00e9mie d\u2019influenza de 1918 (50 millions de morts) vient de d\u00e9c\u00e9der de la covid \u00e0 102 ans. Elle est un mod\u00e8le de libert\u00e9 de pens\u00e9e. Toute sa vie elle s\u2019oppose \u00e0<span class=\"ellipsis\">&hellip;<\/span><\/p>\n<div class=\"read-more\"><a href=\"https:\/\/labrequeroutier.com\/en\/conferences\/a-venir\/henrietta-boggs\/\">Read more &#8250;<\/a><\/div>\n<p><!-- end of .read-more --><\/p>\n","protected":false},"author":1,"featured_media":0,"parent":1206,"menu_order":10,"comment_status":"closed","ping_status":"closed","template":"","meta":{"footnotes":""},"class_list":["post-2553","page","type-page","status-publish","hentry"],"_links":{"self":[{"href":"https:\/\/labrequeroutier.com\/en\/wp-json\/wp\/v2\/pages\/2553","targetHints":{"allow":["GET"]}}],"collection":[{"href":"https:\/\/labrequeroutier.com\/en\/wp-json\/wp\/v2\/pages"}],"about":[{"href":"https:\/\/labrequeroutier.com\/en\/wp-json\/wp\/v2\/types\/page"}],"author":[{"embeddable":true,"href":"https:\/\/labrequeroutier.com\/en\/wp-json\/wp\/v2\/users\/1"}],"replies":[{"embeddable":true,"href":"https:\/\/labrequeroutier.com\/en\/wp-json\/wp\/v2\/comments?post=2553"}],"version-history":[{"count":2,"href":"https:\/\/labrequeroutier.com\/en\/wp-json\/wp\/v2\/pages\/2553\/revisions"}],"predecessor-version":[{"id":2558,"href":"https:\/\/labrequeroutier.com\/en\/wp-json\/wp\/v2\/pages\/2553\/revisions\/2558"}],"up":[{"embeddable":true,"href":"https:\/\/labrequeroutier.com\/en\/wp-json\/wp\/v2\/pages\/1206"}],"wp:attachment":[{"href":"https:\/\/labrequeroutier.com\/en\/wp-json\/wp\/v2\/media?parent=2553"}],"curies":[{"name":"wp","href":"https:\/\/api.w.org\/{rel}","templated":true}]}}